{"id":22,"date":"2022-08-09T12:29:33","date_gmt":"2022-08-09T12:29:33","guid":{"rendered":"https:\/\/dufourforge.com\/es\/?page_id=22"},"modified":"2023-07-07T12:08:46","modified_gmt":"2023-07-07T12:08:46","slug":"about-us","status":"publish","type":"page","link":"https:\/\/dufourforge.com\/es\/about-us\/","title":{"rendered":"<a href=\"https:\/\/dufourforge.com\/es\/about-us\/\">QUIENES SOMOS<\/a>"},"content":{"rendered":"\t\t<div data-elementor-type=\"wp-page\" data-elementor-id=\"22\" class=\"elementor elementor-22\" data-elementor-post-type=\"page\">\n\t\t\t\t\t\t\t\t\t<section class=\"elementor-section elementor-top-section elementor-element elementor-element-c072691 animated-slow elementor-section-boxed elementor-section-height-default elementor-section-height-default elementor-invisible\" data-id=\"c072691\" data-element_type=\"section\" data-settings=\"{&quot;animation&quot;:&quot;fadeIn&quot;,&quot;_ha_eqh_enable&quot;:false}\">\n\t\t\t\t\t\t<div class=\"elementor-container elementor-column-gap-wider\">\n\t\t\t\t\t<div class=\"elementor-column elementor-col-50 elementor-top-column elementor-element elementor-element-446f69b\" data-id=\"446f69b\" data-element_type=\"column\">\n\t\t\t<div class=\"elementor-widget-wrap elementor-element-populated\">\n\t\t\t\t\t\t\t\t<div class=\"elementor-element elementor-element-23134e5 eael-team-align-eael-team-align-default elementor-widget elementor-widget-eael-team-member\" data-id=\"23134e5\" data-element_type=\"widget\" data-widget_type=\"eael-team-member.default\">\n\t\t\t\t<div class=\"elementor-widget-container\">\n\t\t\t\n\n\t<div id=\"eael-team-member-23134e5\" class=\"eael-team-item eael-team-members-simple \">\n\t\t<div class=\"eael-team-item-inner\">\n\t\t\t<div class=\"eael-team-image\">\n\t\t\t\t<figure>\n\t\t\t\t\t<img decoding=\"async\" src=\"https:\/\/dufourforge.com\/es\/wp-content\/uploads\/michel.jpg\" alt=\"Dufour Forge\">\n\t\t\t\t<\/figure>\n\t\t\t\t\n\t\t\t\t\n\t\t\t<\/div>\n\n\t\t\t<div class=\"eael-team-content\">\n\t\t\t\t<h3 class=\"eael-team-member-name\">MICHEL LE PAPE<\/h3>\n\t\t\t\t<h4 class=\"eael-team-member-position\">Herrador franc\u00e9s con certificado BTM, Ubicado en Newbury Park, CA, USA<\/h4>\n\n\t\t\t\t\t\t\t\t\t\t\t\t\t\t<p class=\"eael-team-text\">Michel comenz\u00f3 su carrera como herrador en 1981, siendo aprendiz de diferentes mentores en Francia, a trav\u00e9s de la asociaci\u00f3n \u201cCompagnons du Devoir\u201d (Compa\u00f1eros de Deber), donde aprendi\u00f3 a herrar caballos deportivos, entre ellos, caballos de salto, adiestramiento, eventos de tres d\u00edas y carreras (Pura Sangre Ingleses y Trotones). \n<br><br>\nSe certifica con CAP (primer nivel de certificaci\u00f3n en Francia) en 1986 y establece su propia compa\u00f1\u00eda de herraje en el oeste de la campi\u00f1a francesa. Contin\u00faa con \u00e9xito durante 25 a\u00f1os, herrando caballos de deporte, paseo y escuela, as\u00ed como tambi\u00e9n, ense\u00f1ando a muchos herradores j\u00f3venes que hoy son exitosos profesionales y siendo juez de ex\u00e1menes de certificaci\u00f3n.<br><br>\nLuego de graduarse en BTM (nivel m\u00e1s alto de certificaci\u00f3n en Francia) en 2008, Michel muda su practica en 2012 a California, Estados Unidos y desde entonces ha viajado proveyendo de herrajes de la mayor calidad a jinetes de salto y adiestramiento de alto rendimiento (incluyendo jinetes ol\u00edmpicos) en diversos lugares de Estados Unidos y Europa.<\/p>\n\t\t\t\t\t\t\t<\/div>\n\t\t<\/div>\n\t<\/div>\n\t\t\t<\/div>\n\t\t\t\t<\/div>\n\t\t\t\t\t<\/div>\n\t\t<\/div>\n\t\t\t\t<div class=\"elementor-column elementor-col-50 elementor-top-column elementor-element elementor-element-5587ac5\" data-id=\"5587ac5\" data-element_type=\"column\">\n\t\t\t<div class=\"elementor-widget-wrap elementor-element-populated\">\n\t\t\t\t\t\t\t\t<div class=\"elementor-element elementor-element-5024e96 eael-team-align-eael-team-align-default elementor-widget elementor-widget-eael-team-member\" data-id=\"5024e96\" data-element_type=\"widget\" data-widget_type=\"eael-team-member.default\">\n\t\t\t\t<div class=\"elementor-widget-container\">\n\t\t\t\n\n\t<div id=\"eael-team-member-5024e96\" class=\"eael-team-item eael-team-members-simple \">\n\t\t<div class=\"eael-team-item-inner\">\n\t\t\t<div class=\"eael-team-image\">\n\t\t\t\t<figure>\n\t\t\t\t\t<img decoding=\"async\" src=\"https:\/\/dufourforge.com\/es\/wp-content\/uploads\/Morgan.jpg\" alt=\"Dufour Forge\">\n\t\t\t\t<\/figure>\n\t\t\t\t\n\t\t\t\t\n\t\t\t<\/div>\n\n\t\t\t<div class=\"eael-team-content\">\n\t\t\t\t<h3 class=\"eael-team-member-name\">MORGAN DUFOUR<\/h3>\n\t\t\t\t<h4 class=\"eael-team-member-position\">Herrador franc\u00e9s con certificado BTM, Ubicado en Colina, CHILE<\/h4>\n\n\t\t\t\t\t\t\t\t\t\t\t\t\t\t<p class=\"eael-team-text\">Morgan comienza su carrera como herrador, siendo aprendiz de Michel Le Pape en 2003, en Normand\u00eda, Francia.<br><br>\nSe certifica BEPA en 2005 y tiene la oportunidad de ir a herrar caballos de alto rendimiento en saltos deportivos con Jean Sarlet en B\u00e9lgica.<br><br>\nEn 2007, Morgan retorna como aprendiz para su BTM con Michel Le Pape y, al mismo tiempo, comienza su propia empresa de herraje.<br><br>\nUna vez certificado BTM en 2009, Morgan se muda a Dub\u00e1i para ser uno de los herradores contratados por el Dub\u00e1i Racing Club para atender los caballos de enduro ecuestre de Sheik Mohamed bin Rashid al Maktoum por todo el mundo, con mucho \u00e9xito. <br><br>\nLuego de a\u00f1os de viajes como herrador, Morgan decide basarse en Sud Am\u00e9rica, espec\u00edficamente en Chile, herrando caballos y planificando abrir la primera escuela privada de herraje de caballos.\n<\/p>\n\t\t\t\t\t\t\t<\/div>\n\t\t<\/div>\n\t<\/div>\n\t\t\t<\/div>\n\t\t\t\t<\/div>\n\t\t\t\t\t<\/div>\n\t\t<\/div>\n\t\t\t\t\t\t\t<\/div>\n\t\t<\/section>\n\t\t\t\t\t\t\t<\/div>\n\t\t","protected":false},"excerpt":{"rendered":"<p>MICHEL LE PAPE Herrador franc\u00e9s con certificado BTM, Ubicado en Newbury Park, CA, USA Michel comenz\u00f3 su carrera como herrador en 1981, siendo aprendiz de diferentes mentores en Francia, a trav\u00e9s de la asociaci\u00f3n \u201cCompagnons du Devoir\u201d (Compa\u00f1eros de Deber), donde aprendi\u00f3 a herrar caballos deportivos, entre ellos, caballos de salto, adiestramiento, eventos de tres [&hellip;]<\/p>\n","protected":false},"author":1,"featured_media":0,"parent":0,"menu_order":0,"comment_status":"closed","ping_status":"closed","template":"","meta":{"footnotes":""},"_links":{"self":[{"href":"https:\/\/dufourforge.com\/es\/wp-json\/wp\/v2\/pages\/22"}],"collection":[{"href":"https:\/\/dufourforge.com\/es\/wp-json\/wp\/v2\/pages"}],"about":[{"href":"https:\/\/dufourforge.com\/es\/wp-json\/wp\/v2\/types\/page"}],"author":[{"embeddable":true,"href":"https:\/\/dufourforge.com\/es\/wp-json\/wp\/v2\/users\/1"}],"replies":[{"embeddable":true,"href":"https:\/\/dufourforge.com\/es\/wp-json\/wp\/v2\/comments?post=22"}],"version-history":[{"count":44,"href":"https:\/\/dufourforge.com\/es\/wp-json\/wp\/v2\/pages\/22\/revisions"}],"predecessor-version":[{"id":1081,"href":"https:\/\/dufourforge.com\/es\/wp-json\/wp\/v2\/pages\/22\/revisions\/1081"}],"wp:attachment":[{"href":"https:\/\/dufourforge.com\/es\/wp-json\/wp\/v2\/media?parent=22"}],"curies":[{"name":"wp","href":"https:\/\/api.w.org\/{rel}","templated":true}]}}