{"id":731,"date":"2022-11-04T19:33:59","date_gmt":"2022-11-04T19:33:59","guid":{"rendered":"https:\/\/dufourforge.com\/es\/?page_id=731"},"modified":"2022-12-09T18:06:24","modified_gmt":"2022-12-09T18:06:24","slug":"sport-wide-front-with-no-clip","status":"publish","type":"page","link":"https:\/\/dufourforge.com\/es\/horseshoes\/sport-collection\/sport-wide-front-with-no-clip\/","title":{"rendered":"Sport Wide Front With No Clip"},"content":{"rendered":"\t\t<div data-elementor-type=\"wp-page\" data-elementor-id=\"731\" class=\"elementor elementor-731\" data-elementor-post-type=\"page\">\n\t\t\t\t\t\t\t\t\t<section class=\"elementor-section elementor-top-section elementor-element elementor-element-3894d049 elementor-section-boxed elementor-section-height-default elementor-section-height-default\" data-id=\"3894d049\" data-element_type=\"section\" data-settings=\"{&quot;_ha_eqh_enable&quot;:false}\">\n\t\t\t\t\t\t<div class=\"elementor-container elementor-column-gap-no\">\n\t\t\t\t\t<div class=\"elementor-column elementor-col-100 elementor-top-column elementor-element elementor-element-353e5940\" data-id=\"353e5940\" data-element_type=\"column\">\n\t\t\t<div class=\"elementor-widget-wrap elementor-element-populated\">\n\t\t\t\t\t\t\t\t<div class=\"elementor-element elementor-element-d2b2058 elementor-widget elementor-widget-heading\" data-id=\"d2b2058\" data-element_type=\"widget\" data-widget_type=\"heading.default\">\n\t\t\t\t<div class=\"elementor-widget-container\">\n\t\t\t<style>\/*! elementor - v3.14.0 - 26-06-2023 *\/\n.elementor-heading-title{padding:0;margin:0;line-height:1}.elementor-widget-heading .elementor-heading-title[class*=elementor-size-]>a{color:inherit;font-size:inherit;line-height:inherit}.elementor-widget-heading .elementor-heading-title.elementor-size-small{font-size:15px}.elementor-widget-heading .elementor-heading-title.elementor-size-medium{font-size:19px}.elementor-widget-heading .elementor-heading-title.elementor-size-large{font-size:29px}.elementor-widget-heading .elementor-heading-title.elementor-size-xl{font-size:39px}.elementor-widget-heading .elementor-heading-title.elementor-size-xxl{font-size:59px}<\/style><h2 class=\"elementor-heading-title elementor-size-default\">Sport wide front with no clip<\/h2>\t\t<\/div>\n\t\t\t\t<\/div>\n\t\t\t\t<section class=\"elementor-section elementor-inner-section elementor-element elementor-element-46f19692 elementor-section-content-middle elementor-section-boxed elementor-section-height-default elementor-section-height-default\" data-id=\"46f19692\" data-element_type=\"section\" data-settings=\"{&quot;_ha_eqh_enable&quot;:false}\">\n\t\t\t\t\t\t<div class=\"elementor-container elementor-column-gap-wider\">\n\t\t\t\t\t<div class=\"elementor-column elementor-col-50 elementor-inner-column elementor-element elementor-element-5bd92987\" data-id=\"5bd92987\" data-element_type=\"column\">\n\t\t\t<div class=\"elementor-widget-wrap elementor-element-populated\">\n\t\t\t\t\t\t\t\t<div class=\"elementor-element elementor-element-49f35465 elementor-widget elementor-widget-shortcode\" data-id=\"49f35465\" data-element_type=\"widget\" data-widget_type=\"shortcode.default\">\n\t\t\t\t<div class=\"elementor-widget-container\">\n\t\t\t\t\t<div class=\"elementor-shortcode\">\n    <div class='imgover'>\n    <div class='container'>\n    <style>\n        \/*[class^=\"icovrm-\"], [class*=\" icovrm-\"]  {*\/\n        [class^=\"icovrm-\"], [class*=\" icovrm-\"] {\n            color:#99CC99;\n        }\n    <\/style>\n    <i id='s2F' class='icovrm-img icon-ion-android-locate' ><\/i>\n    <i id='s2R' class='icovrm-img icon-ion-loop' ><\/i>\n    &nbsp;\n    <i id='s2Zu' class='icovrm-img icon-ion-arrow-up-b' ><\/i>\n    <i id='s2Zd' class='icovrm-img icon-ion-arrow-down-b' ><\/i>\n    &nbsp;\n    &nbsp;\n    <i id='s2FS' class='icovrm-img icon-ion-android-expand' ><\/i>\n    <!-- i id='s2FS' class='icovrm-img icon-ion-android-contract' ><\/i -->\n    <!-- i id='icovrm icon-refresh' 'icovrm icon-ion-desktop'><\/i -->\n    <div id='s2Spin'>\n        <img class='imgpreloader' src='https:\/\/dufourforge.com\/es\/wp-content\/plugins\/vrm360\/drag2spin.svg'>\n        <img class='imgpreloader' src='https:\/\/dufourforge.com\/es\/wp-content\/plugins\/vrm360\/ajax-loader.svg'\/>\n        <!-- changed svg viewBoxinside the svgs -->\n    <\/div>\n    <div id='s2S' class='s2' style='cursor:pointer; background-color: #F2F2F2'>\n    <\/div>\n    <\/div>\n    <\/div>\n    <script>\n    var autostart = true, backgcolor = '#F2F2F2', canvas_name = 's2';\n    var lightcolor = '#FFFFFF', light_intensity = 0.9, amb_lightcolor = '#9D9D9D', amb_light_intensity = 0.9;\n    var canvas_nameR = 's2R', canvas_nameFS = 's2FS', canvas_nameF = 's2F';\n    var canvas_nameS = 's2S', canvas_nameSpin = 's2Spin', canvas_nameM = 's2M';\n    var canvas_nameZu = 's2Zu', canvas_nameZd = 's2Zd', hide_cmds = 'all';\n    var model_url = 'https:\/\/dufourforge.com\/es\/wp-content\/uploads\/FRONT-WIDE-UC-3D.stl', aspect_ratio = '1', initial_offset = '1.8', speed = '1.0';\n    var touchtime = 0, info_text = '', info_link = '', ground= false, ground_offset = 0.0;\n    var rx = 0.0, ry = 0.0, rz = 0.0, grid= false, back_image_url = '';\n    var lx = 2.0, ly = 2.0, lz = 10.0, isOnMobile = 'false';\n    var mesh_color = '#585858', ground_color = '#999999', debug_vrm = 'false';\n    <\/script>\n    <script src='https:\/\/dufourforge.com\/es\/wp-content\/plugins\/vrm360\/js\/main.js'\/><\/script>\n    \n<\/div>\n\t\t\t\t<\/div>\n\t\t\t\t<\/div>\n\t\t\t\t<div class=\"elementor-element elementor-element-2b975cac elementor-widget elementor-widget-text-editor\" data-id=\"2b975cac\" data-element_type=\"widget\" data-widget_type=\"text-editor.default\">\n\t\t\t\t<div class=\"elementor-widget-container\">\n\t\t\t<style>\/*! elementor - v3.14.0 - 26-06-2023 *\/\n.elementor-widget-text-editor.elementor-drop-cap-view-stacked .elementor-drop-cap{background-color:#69727d;color:#fff}.elementor-widget-text-editor.elementor-drop-cap-view-framed .elementor-drop-cap{color:#69727d;border:3px solid;background-color:transparent}.elementor-widget-text-editor:not(.elementor-drop-cap-view-default) .elementor-drop-cap{margin-top:8px}.elementor-widget-text-editor:not(.elementor-drop-cap-view-default) .elementor-drop-cap-letter{width:1em;height:1em}.elementor-widget-text-editor .elementor-drop-cap{float:left;text-align:center;line-height:1;font-size:50px}.elementor-widget-text-editor .elementor-drop-cap-letter{display:inline-block}<\/style>\t\t\t\tSelectione la imagen 3D para parar la autorotaci\u00f3n, arrastre el cursor para ver la herradura desde diferentes \u00e1ngulos y haga scroll para hacer zoom\t\t\t\t\t\t<\/div>\n\t\t\t\t<\/div>\n\t\t\t\t\t<\/div>\n\t\t<\/div>\n\t\t\t\t<div class=\"elementor-column elementor-col-50 elementor-inner-column elementor-element elementor-element-1801f970\" data-id=\"1801f970\" data-element_type=\"column\">\n\t\t\t<div class=\"elementor-widget-wrap elementor-element-populated\">\n\t\t\t\t\t\t\t\t<div class=\"elementor-element elementor-element-55131dd5 product-slider elementor-arrows-position-inside elementor-pagination-position-outside elementor-widget elementor-widget-image-carousel\" data-id=\"55131dd5\" data-element_type=\"widget\" data-settings=\"{&quot;slides_to_show&quot;:&quot;1&quot;,&quot;navigation&quot;:&quot;both&quot;,&quot;autoplay&quot;:&quot;yes&quot;,&quot;pause_on_hover&quot;:&quot;yes&quot;,&quot;pause_on_interaction&quot;:&quot;yes&quot;,&quot;autoplay_speed&quot;:5000,&quot;infinite&quot;:&quot;yes&quot;,&quot;effect&quot;:&quot;slide&quot;,&quot;speed&quot;:500}\" data-widget_type=\"image-carousel.default\">\n\t\t\t\t<div class=\"elementor-widget-container\">\n\t\t\t<style>\/*! elementor - v3.14.0 - 26-06-2023 *\/\n.elementor-widget-image-carousel .swiper,.elementor-widget-image-carousel .swiper-container{position:static}.elementor-widget-image-carousel .swiper-container .swiper-slide figure,.elementor-widget-image-carousel .swiper .swiper-slide figure{line-height:inherit}.elementor-widget-image-carousel .swiper-slide{text-align:center}.elementor-image-carousel-wrapper:not(.swiper-container-initialized):not(.swiper-initialized) .swiper-slide{max-width:calc(100% \/ var(--e-image-carousel-slides-to-show, 3))}<\/style>\t\t<div class=\"elementor-image-carousel-wrapper swiper-container\" dir=\"ltr\">\n\t\t\t<div class=\"elementor-image-carousel swiper-wrapper\" aria-live=\"off\">\n\t\t\t\t\t\t\t\t<div class=\"swiper-slide\" role=\"group\" aria-roledescription=\"slide\" aria-label=\"1 of 5\"><figure class=\"swiper-slide-inner\"><img decoding=\"async\" class=\"swiper-slide-image\" src=\"https:\/\/dufourforge.com\/es\/wp-content\/uploads\/es1.jpg\" alt=\"es1\" \/><\/figure><\/div><div class=\"swiper-slide\" role=\"group\" aria-roledescription=\"slide\" aria-label=\"2 of 5\"><figure class=\"swiper-slide-inner\"><img decoding=\"async\" class=\"swiper-slide-image\" src=\"https:\/\/dufourforge.com\/es\/wp-content\/uploads\/es2.jpg\" alt=\"es2\" \/><\/figure><\/div><div class=\"swiper-slide\" role=\"group\" aria-roledescription=\"slide\" aria-label=\"3 of 5\"><figure class=\"swiper-slide-inner\"><img decoding=\"async\" class=\"swiper-slide-image\" src=\"https:\/\/dufourforge.com\/es\/wp-content\/uploads\/es3.jpg\" alt=\"es3\" \/><\/figure><\/div><div class=\"swiper-slide\" role=\"group\" aria-roledescription=\"slide\" aria-label=\"4 of 5\"><figure class=\"swiper-slide-inner\"><img decoding=\"async\" class=\"swiper-slide-image\" src=\"https:\/\/dufourforge.com\/es\/wp-content\/uploads\/es4.jpg\" alt=\"es4\" \/><\/figure><\/div><div class=\"swiper-slide\" role=\"group\" aria-roledescription=\"slide\" aria-label=\"5 of 5\"><figure class=\"swiper-slide-inner\"><img decoding=\"async\" class=\"swiper-slide-image\" src=\"https:\/\/dufourforge.com\/es\/wp-content\/uploads\/es5.jpg\" alt=\"es5\" \/><\/figure><\/div>\t\t\t<\/div>\n\t\t\t\t\t\t\t\t\t\t\t\t<div class=\"elementor-swiper-button elementor-swiper-button-prev\" role=\"button\" tabindex=\"0\">\n\t\t\t\t\t\t<i aria-hidden=\"true\" class=\"eicon-chevron-left\"><\/i>\t\t\t\t\t<\/div>\n\t\t\t\t\t<div class=\"elementor-swiper-button elementor-swiper-button-next\" role=\"button\" tabindex=\"0\">\n\t\t\t\t\t\t<i aria-hidden=\"true\" class=\"eicon-chevron-right\"><\/i>\t\t\t\t\t<\/div>\n\t\t\t\t\n\t\t\t\t\t\t\t\t\t<div class=\"swiper-pagination\"><\/div>\n\t\t\t\t\t\t\t\t\t<\/div>\n\t\t\t\t<\/div>\n\t\t\t\t<\/div>\n\t\t\t\t\t<\/div>\n\t\t<\/div>\n\t\t\t\t\t\t\t<\/div>\n\t\t<\/section>\n\t\t\t\t<div class=\"elementor-element elementor-element-50a6d378 elementor-widget elementor-widget-text-editor\" data-id=\"50a6d378\" data-element_type=\"widget\" data-widget_type=\"text-editor.default\">\n\t\t\t\t<div class=\"elementor-widget-container\">\n\t\t\t\t\t\t\t<p>Esta colecci\u00f3n es dise\u00f1ada para que los herradores puedan aplicar los requerimientos de los especialistas en locomoci\u00f3n, de manera r\u00e1pida y eficaz. Su producci\u00f3n en fabrica garantiza que estas herraduras provean las caracter\u00edsticas biomec\u00e1nicas necesarias para mantener la sanidad y confort a trav\u00e9s de las diversas disciplinas ecuestres. Los diferentes modelos de la Colecci\u00f3n Deportiva ayudar\u00e1n a lograr dichos objetivos reduciendo la necesidad de modificar las herraduras al momento de herrar.<\/p>\t\t\t\t\t\t<\/div>\n\t\t\t\t<\/div>\n\t\t\t\t<div class=\"elementor-element elementor-element-2fe904a elementor-widget elementor-widget-button\" data-id=\"2fe904a\" data-element_type=\"widget\" data-widget_type=\"button.default\">\n\t\t\t\t<div class=\"elementor-widget-container\">\n\t\t\t\t\t<div class=\"elementor-button-wrapper\">\n\t\t\t<a class=\"elementor-button elementor-button-link elementor-size-sm elementor-animation-grow\" href=\"https:\/\/dufourforge.com\/es\/wp-content\/uploads\/FRONT-WIDE-SIZE-CHART.pdf\" target=\"_blank\">\n\t\t\t\t\t\t<span class=\"elementor-button-content-wrapper\">\n\t\t\t\t\t\t<span class=\"elementor-button-text\">VER TABLA DE MEDIDAS<\/span>\n\t\t<\/span>\n\t\t\t\t\t<\/a>\n\t\t<\/div>\n\t\t\t\t<\/div>\n\t\t\t\t<\/div>\n\t\t\t\t\t<\/div>\n\t\t<\/div>\n\t\t\t\t\t\t\t<\/div>\n\t\t<\/section>\n\t\t\t\t\t\t\t<\/div>\n\t\t","protected":false},"excerpt":{"rendered":"<p>Sport wide front with no clip Selectione la imagen 3D para parar la autorotaci\u00f3n, arrastre el cursor para ver la herradura desde diferentes \u00e1ngulos y haga scroll para hacer zoom Anterior Siguiente Esta colecci\u00f3n es dise\u00f1ada para que los herradores puedan aplicar los requerimientos de los especialistas en locomoci\u00f3n, de manera r\u00e1pida y eficaz. Su [&hellip;]<\/p>\n","protected":false},"author":1,"featured_media":0,"parent":127,"menu_order":0,"comment_status":"closed","ping_status":"closed","template":"","meta":{"footnotes":""},"_links":{"self":[{"href":"https:\/\/dufourforge.com\/es\/wp-json\/wp\/v2\/pages\/731"}],"collection":[{"href":"https:\/\/dufourforge.com\/es\/wp-json\/wp\/v2\/pages"}],"about":[{"href":"https:\/\/dufourforge.com\/es\/wp-json\/wp\/v2\/types\/page"}],"author":[{"embeddable":true,"href":"https:\/\/dufourforge.com\/es\/wp-json\/wp\/v2\/users\/1"}],"replies":[{"embeddable":true,"href":"https:\/\/dufourforge.com\/es\/wp-json\/wp\/v2\/comments?post=731"}],"version-history":[{"count":29,"href":"https:\/\/dufourforge.com\/es\/wp-json\/wp\/v2\/pages\/731\/revisions"}],"predecessor-version":[{"id":1048,"href":"https:\/\/dufourforge.com\/es\/wp-json\/wp\/v2\/pages\/731\/revisions\/1048"}],"up":[{"embeddable":true,"href":"https:\/\/dufourforge.com\/es\/wp-json\/wp\/v2\/pages\/127"}],"wp:attachment":[{"href":"https:\/\/dufourforge.com\/es\/wp-json\/wp\/v2\/media?parent=731"}],"curies":[{"name":"wp","href":"https:\/\/api.w.org\/{rel}","templated":true}]}}